{"id":16,"date":"2014-03-26T22:15:08","date_gmt":"2014-03-26T22:15:08","guid":{"rendered":"http:\/\/its-conf.org\/2014\/?page_id=16"},"modified":"2023-01-13T10:49:02","modified_gmt":"2023-01-13T10:49:02","slug":"commitees","status":"publish","type":"page","link":"https:\/\/www.mlearning-conf.org\/oldconferences\/2023\/commitees\/","title":{"rendered":"Committees"},"content":{"rendered":"<p><strong>Program Chair<\/strong><\/p>\n<p>Inmaculada Arnedillo S\u00e1nchez, Trinity College Dublin, Ireland<\/p>\n<p>&nbsp;<\/p>\n<p><strong>Conference Chair<\/strong><\/p>\n<p>Pedro Isa\u00edas, Information Systems &amp; Technology Management School, The University of New South Wales, Australia<\/p>\n<p>&nbsp;<\/p>\n<p><strong>Committee Members<\/strong><\/p>\n<p>Abdallah Tubaishat, Zayed University, United Arab Emirates<br \/>\nAdamantios Koumpis, University Hospital Cologne, Germany<br \/>\nAlessandro Pagano, University Of Bari, Italy<br \/>\nAlex Voychenko, Irtc, Ukraine<br \/>\nAndreas P. Schmidt, Karlsruhe University of Applied Sciences, Germany<br \/>\nAntoanela Naaji, Vasile Goldis Western University, Romania<br \/>\nBertil P. Marques, ISEP\/IPP, Portugal<br \/>\nBoriss F. Misnevs, Transport and Telecommunication Institute, Latvia<br \/>\nCeline Llewellyn-Jones, London Metropolitan University and University of E, United Kingdom<br \/>\nCharalampos Karagiannidis, University of Thessaly, Greece<br \/>\nChiu-kuo Liang, Chunghua University, Taiwan<br \/>\nClaudia Steinberger, University Of Klagenfurt, Austria<br \/>\nDemetrios Sampson, University of Piraeus, Greece<br \/>\nEmad Bataineh, Zayed University, United Arab Emirates<br \/>\nFahriye Altinay, Near East University, Cyprus<br \/>\nGabor Kiss, J. Selye University, Slovakia<br \/>\nGeorge Magoulas, Birbeck College, United Kingdom<br \/>\nG\u00fclcan Er\u00e7etin, Bogazi\u00e7i University, Turkey<br \/>\nHaiguang Fang, Capital Normal University, China<br \/>\nHannu-Matti Jarvinen, Tampere University, Finland<br \/>\nHans-peter Steinbacher, Fh Kufstein Tirol, University Of Applied Sciences, Austria<br \/>\nHerman Van Der Merwe, North-West University, South Africa<br \/>\nHsien-sheng Hsiao, National Taiwan Normal University, Taiwan<br \/>\nHuseyin Bicen, Near East University, Cyprus<br \/>\nIngo Dahn, Virtual Campus Rhineland-Palatine, Deutschland<br \/>\nJo Herstad, University Of Oslo, Norway<br \/>\nJuan Manuel Santos-Gago, University of Vigo, Spain<br \/>\nJun-Ming Su, National University of Tainan, Taiwan<br \/>\nKateryna Synytsya, IRTC ITS, Ukraine<br \/>\nLam-for Kwok, City University Of Hong Kong, Hong Kong<br \/>\nLouise Mifsud, Oslo Metropolitan University, Oslo, Norway, Norway<br \/>\nLuis Anido-rifon, University Of Vigo, Spain<br \/>\nMaiga Chang, Athabasca University, Canada<br \/>\nMarguerite Koole, University of Saskatchewan, Canada<br \/>\nMaria Uther, University of Wolverhampton, United Kingdom<br \/>\nMarina Rui, University Of Genova, Italy<br \/>\nMichele Notari, University of Teacher Education Bern, Switzerland<br \/>\nMudasser Wyne, National University, United States<br \/>\nNeha Pattan, Google, USA<br \/>\nNicola Doering, Ilmenau University Of Technology, Germany<br \/>\nOytun S\u00f6z\u00fcdo\u011fru, University of City Island, Cyprus<br \/>\nQing Tan, Athabasca University, Canada<br \/>\nRaffaella Guida, University Of Surrey, United Kingdom<br \/>\nRaquel Trillo Lado, University Of Zaragoza, Spain<br \/>\nRonghuai Huang, Beijing Normal University, China<br \/>\nRoza Dumbraveanu, &#8220;Ion Creang\u0103&#8221; Pedagogical State University, Moldova<br \/>\nRussell Beale, University Of Birmingham, United Kingdom<br \/>\nSaku Ekanayake, University Of Peradeniya, Sri Lanka<br \/>\nSean Duignan, Atlantic Technological University, Galway, Ireland<br \/>\nSergio Ilarri, University Of Zaragoza, Spain<br \/>\nStephen McNeill, Kennesaw State University, USA<br \/>\nTamara Powell, Kennesaw State University, USA<br \/>\nTeresa Cardoso, Universidade Aberta, Portugal<br \/>\nTzung-shi Chen, National University of Tainan, Taiwan<br \/>\nYanmin Zhu, Shanghai Jiao Tong University, China<br \/>\nYannis P. Psaromiligkos, Technological Education Institute Of Piraeus, Greece<br \/>\nYuan-kai Wang, Fu Jen Catholic University, Taiwan<br \/>\nZehra Altinay, Near East University, Cyprus<br \/>\nZsolt Nagy, University of Nyiregyhaza, Hungary<\/p>\n<p>&nbsp;<\/p>\n<p>&nbsp;<\/p>\n","protected":false},"excerpt":{"rendered":"<p>Program Chair Inmaculada Arnedillo S\u00e1nchez, Trinity College Dublin, Ireland &nbsp; Conference Chair Pedro Isa\u00edas, Information Systems &amp; Technology Management School, The University of New South Wales, Australia &nbsp; Committee Members Abdallah Tubaishat, Zayed University, United Arab Emirates Adamantios Koumpis, University Hospital Cologne, Germany Alessandro Pagano, University Of Bari, Italy Alex Voychenko, Irtc, Ukraine Andreas P. <a class=\"more-link\" href=\"https:\/\/www.mlearning-conf.org\/oldconferences\/2023\/commitees\/\">Continue reading <i class=\"fa fa-chevron-right\"><\/i><\/a><\/p>\n","protected":false},"author":1,"featured_media":0,"parent":0,"menu_order":0,"comment_status":"closed","ping_status":"closed","template":"","meta":[],"_links":{"self":[{"href":"https:\/\/www.mlearning-conf.org\/oldconferences\/2023\/wp-json\/wp\/v2\/pages\/16"}],"collection":[{"href":"https:\/\/www.mlearning-conf.org\/oldconferences\/2023\/wp-json\/wp\/v2\/pages"}],"about":[{"href":"https:\/\/www.mlearning-conf.org\/oldconferences\/2023\/wp-json\/wp\/v2\/types\/page"}],"author":[{"embeddable":true,"href":"https:\/\/www.mlearning-conf.org\/oldconferences\/2023\/wp-json\/wp\/v2\/users\/1"}],"replies":[{"embeddable":true,"href":"https:\/\/www.mlearning-conf.org\/oldconferences\/2023\/wp-json\/wp\/v2\/comments?post=16"}],"version-history":[{"count":78,"href":"https:\/\/www.mlearning-conf.org\/oldconferences\/2023\/wp-json\/wp\/v2\/pages\/16\/revisions"}],"predecessor-version":[{"id":1621,"href":"https:\/\/www.mlearning-conf.org\/oldconferences\/2023\/wp-json\/wp\/v2\/pages\/16\/revisions\/1621"}],"wp:attachment":[{"href":"https:\/\/www.mlearning-conf.org\/oldconferences\/2023\/wp-json\/wp\/v2\/media?parent=16"}],"curies":[{"name":"wp","href":"https:\/\/api.w.org\/{rel}","templated":true}]}}