{"id":16,"date":"2014-03-26T22:15:08","date_gmt":"2014-03-26T22:15:08","guid":{"rendered":"http:\/\/its-conf.org\/2014\/?page_id=16"},"modified":"2024-01-26T18:36:25","modified_gmt":"2024-01-26T18:36:25","slug":"commitees","status":"publish","type":"page","link":"https:\/\/www.mlearning-conf.org\/oldconferences\/2024\/commitees\/","title":{"rendered":"Committees"},"content":{"rendered":"<p><strong>Program Chair<\/strong><\/p>\n<p>Inmaculada Arnedillo S\u00e1nchez, Trinity College Dublin, Ireland<\/p>\n<p>&nbsp;<\/p>\n<p><strong>Conference Chair<\/strong><\/p>\n<p>Pedro Isa\u00edas, Information Systems &amp; Technology Management School, The University of New South Wales, Australia<\/p>\n<p>&nbsp;<\/p>\n<p><strong>Committee Members<\/strong><\/p>\n<p>Abdullah Al-zaghameem, Tafila Technical University, Jordan<br \/>\nAbeer Salim Jamil, Al-mansour University College, Other Country<br \/>\nAdamantios Koumpis, University Hospital Cologne, Germany<br \/>\nAdemiotan Laleye, Adekunle Ajasin University, Akungba-akoko, Nigeria<br \/>\nAgostino Marengo, University of Foggia, Italy<br \/>\nAiman Ayyal Awwad, Faculty Of Information And Communications Technology, Jordan<br \/>\nAlessandro Pagano, University Of Bari, Italy<br \/>\nAmedeo Roberto Esposito, Institute Of Science And Technology Austria (ista), Austria<br \/>\nAngelos Michalas, University of Western Macedonia, Greece<br \/>\nAntoanela Naaji, Vasile Goldis Western University, Romania<br \/>\nAntonella Carbonaro, Universiy of Bologna, Italy<br \/>\nAshraf Mousa Saleh, Amman Arab University, Jordan<br \/>\nAsl\u0131 Gonen\u00e7, Istanbul University, Turkey<br \/>\nBertil P. Marques, ISEP\/IPP, Portugal<br \/>\nBoriss Misnevs, Transport and Telecommunication Institute, Latvia<br \/>\nCeline Llewellyn-Jones, London Metropolitan University and University of East London, United Kingdom<br \/>\nCharalampos Karagiannidis, University of Thessaly, Greece<br \/>\nChristos Bouras, University Of Patras, Greece<br \/>\nClaudia Steinberger, University Of Klagenfurt, Austria<br \/>\nDemetrios Sampson, University of Piraeus, Greece<br \/>\nDiana Brati\u0107, Faculty Of Graphic Arts, University Of Zagreb, Croatia<br \/>\nEmad Bataineh, Zayed University, United Arab Emirates<br \/>\nFadi Abuamara, Shenandoah University, United States<br \/>\nGabor Kiss, J. Selye University, Slovakia<br \/>\nGazi Zahirul Islam, Southeast University, Bangladesh<br \/>\nGeorge Magoulas, Birbeck College, United Kingdom<br \/>\nGiuseppe Costanzo, Ministero Dell&#8217;istruzione E Del Merito, Italy<br \/>\nG\u00fclcan Er\u00e7etin, Bogazi\u00e7i University, Turkey<br \/>\nHairul Rizad Sapry, Universiti Kuala Lumpur, Malaysia<br \/>\nHans-Peter Steinbacher, Fh Kufstein Tirol, University Of Applied Sciences, \u00d6sterreich<br \/>\nIngo Dahn, Virtual Campus Rhineland-Palatine, Deutschland<br \/>\nJuan Manuel Santos-Gago, University of Vigo, Spain<br \/>\nJun-Ming Su, National University of Tainan, Taiwan<br \/>\nKateryna Synytsya, IRTC ITS, Ukraine<br \/>\nKinshuk Kinshuk, Athabasca University, Canada<br \/>\nKuo-Liang Ou, National Tsing Hua University, Taiwan<br \/>\nLam-for Kwok, HKCT Institute of Higher Education, Hong Kong<br \/>\nLouise Mifsud, Oslo Metropolitan University, Oslo, Norway, Norway<br \/>\nLuqman Bin Satiman, University Of Malaysia, Sarawak (umas), Malaysia<br \/>\nMaiga Chang, Athabasca University, Canada<br \/>\nManuel Caeiro, University Of Vigo, Spain<br \/>\nMarguerite Koole, University of Saskatchewan, Canada<br \/>\nMaria Impedovo, Aix-marseille Universit\u00e9, France<br \/>\nMaria Uther, Birmingham City University, United Kingdom<br \/>\nMarina Rui, University Of Genova, Italy<br \/>\nMatias Recabarren, Universidad De Los Andes, Chile<br \/>\nMudasser Wyne, National University, United States<br \/>\nNicola Doering, Ilmenau University Of Technology, Germany<br \/>\nNikolina Loknar, University Of Zagreb, Croatia<br \/>\nNiroj Dahal, Kathmandu University School of Education, Nepal<br \/>\nNorhazren Binti Mohd, University Of Technology Malaysia, Malaysia<br \/>\nNur Shahida Midi, International Islamic University Malaysia (iium), Malaysia<br \/>\nOleksiy Voychenko, Irtc, Ukraine<br \/>\nOytun S\u00f6z\u00fcdo\u011fru, University of City Island, Cyprus<br \/>\nPhillip Benachour, Lancaster University, United Kingdom<br \/>\nRaquel Trillo Lado, University Of Zaragoza, Spain<br \/>\nSaida Ulfa, Universitas Negeri Malang, Indonesia<br \/>\nSergio Ilarri, University Of Zaragoza, Spain<br \/>\nShenguan Yu, Beijing Normal University, China<br \/>\nStephen Jacob McNeill, Kennesaw State University, USA<br \/>\nSuhaib Obeidat, Shenandoah University, USA<br \/>\nS\u00fcleyman Seferoglu, Hacettepe University, Faculty Of Education, Turkey<br \/>\nTeresa Cardoso, Universidade Aberta, Portugal<br \/>\nThrasyvoulos Tsiatsos, Aristotle University of Thessaloniki, Greece<br \/>\nTzung-shi Chen, National University of Tainan, Taiwan<br \/>\nYannis P. Psaromiligkos, Technological Education Institute Of Piraeus, Greece<br \/>\nYuan-kai Wang, Fu Jen Catholic University, Taiwan<br \/>\nZsolt Nagy, University of Nyiregyhaza, Hungary<\/p>\n<p>&nbsp;<\/p>\n","protected":false},"excerpt":{"rendered":"<p>Program Chair Inmaculada Arnedillo S\u00e1nchez, Trinity College Dublin, Ireland &nbsp; Conference Chair Pedro Isa\u00edas, Information Systems &amp; Technology Management School, The University of New South Wales, Australia &nbsp; Committee Members Abdullah Al-zaghameem, Tafila Technical University, Jordan Abeer Salim Jamil, Al-mansour University College, Other Country Adamantios Koumpis, University Hospital Cologne, Germany Ademiotan Laleye, Adekunle Ajasin University, [&hellip;]<\/p>\n","protected":false},"author":1,"featured_media":0,"parent":0,"menu_order":0,"comment_status":"closed","ping_status":"closed","template":"","meta":[],"_links":{"self":[{"href":"https:\/\/www.mlearning-conf.org\/oldconferences\/2024\/wp-json\/wp\/v2\/pages\/16"}],"collection":[{"href":"https:\/\/www.mlearning-conf.org\/oldconferences\/2024\/wp-json\/wp\/v2\/pages"}],"about":[{"href":"https:\/\/www.mlearning-conf.org\/oldconferences\/2024\/wp-json\/wp\/v2\/types\/page"}],"author":[{"embeddable":true,"href":"https:\/\/www.mlearning-conf.org\/oldconferences\/2024\/wp-json\/wp\/v2\/users\/1"}],"replies":[{"embeddable":true,"href":"https:\/\/www.mlearning-conf.org\/oldconferences\/2024\/wp-json\/wp\/v2\/comments?post=16"}],"version-history":[{"count":86,"href":"https:\/\/www.mlearning-conf.org\/oldconferences\/2024\/wp-json\/wp\/v2\/pages\/16\/revisions"}],"predecessor-version":[{"id":1888,"href":"https:\/\/www.mlearning-conf.org\/oldconferences\/2024\/wp-json\/wp\/v2\/pages\/16\/revisions\/1888"}],"wp:attachment":[{"href":"https:\/\/www.mlearning-conf.org\/oldconferences\/2024\/wp-json\/wp\/v2\/media?parent=16"}],"curies":[{"name":"wp","href":"https:\/\/api.w.org\/{rel}","templated":true}]}}