{"id":16,"date":"2014-03-26T22:15:08","date_gmt":"2014-03-26T22:15:08","guid":{"rendered":"http:\/\/its-conf.org\/2014\/?page_id=16"},"modified":"2024-11-18T12:56:50","modified_gmt":"2024-11-18T12:56:50","slug":"commitees","status":"publish","type":"page","link":"https:\/\/www.mlearning-conf.org\/oldconferences\/2025\/commitees\/","title":{"rendered":"Committees"},"content":{"rendered":"<p><strong>Program Chair<\/strong><\/p>\n<p>Inmaculada Arnedillo S\u00e1nchez, Trinity College Dublin, Ireland<\/p>\n<p>&nbsp;<\/p>\n<p><strong>Conference Chair<\/strong><\/p>\n<p>Pedro Isa\u00edas, Information Systems &amp; Technology Management School, The University of New South Wales, Australia<\/p>\n<p>&nbsp;<\/p>\n<p><strong>Committee Members*<\/strong><\/p>\n<p>Abdullah Al-Zaghameem, Tafila Technical University, Jordan<br \/>\nAbeer Salim Jamil, Al-mansour University College, Iraq<br \/>\nAdamantios Koumpis, University Hospital Cologne, Germany<br \/>\nAdemiotan Laleye, Adekunle Ajasin University, Akungba-akoko, Nigeria<br \/>\nAgostino Marengo, University of Foggia, Italy<br \/>\nAiman Ayyal Awwad, Faculty Of Information And Communications Technolo, Jordan<br \/>\nAlessandro Pagano, University Of Bari, Italy<br \/>\nAngelos Michalas, University of Western Macedonia, Greece<br \/>\nAntoanela Naaji, Vasile Goldis Western University, Romania<br \/>\nAntonella Carbonaro, Universiy of Bologna, Italy<br \/>\nAsl\u0131 Gonen\u00e7, Istanbul University, Turkey<br \/>\nBertil P. Marques, ISEP\/IPP, Portugal<br \/>\nBoriss Misnevs, Transport and Telecommunication Institute, Latvia<br \/>\nCeline Llewellyn-Jones, London Metropolitan University and University of E, United Kingdom<br \/>\nCharalampos Karagiannidis, University of Thessaly, Greece<br \/>\nChiu-kuo Liang, Chunghua University, Taiwan<br \/>\nChristos Bouras, University Of Patras, Greece<br \/>\nClaudia Steinberger, University Of Klagenfurt, Austria<br \/>\nDaniyar Sapargaliyev, University of Nottingham, United Kingdom<br \/>\nDiana Brati\u0107, Faculty Of Graphic Arts, University Of Zagreb, Croatia<br \/>\nElliot Soloway, University Of Michigan, USA<br \/>\nEmad Bataineh, Zayed University, United Arab Emirates<br \/>\nEmet Gurel, Ege University, Turkey<br \/>\nFadi Abuamara, Shenandoah University, United States<br \/>\nFahriye Altinay, Near East University, Cyprus<br \/>\nGabor Kiss, J. Selye University, Slovakia<br \/>\nGazi Zahirul Islam, Southeast University, Bangladesh<br \/>\nGeorge Magoulas, Birbeck College, United Kingdom<br \/>\nG\u00fclcan Er\u00e7etin, Bogazi\u00e7i University, Turkey<br \/>\nHakan Tuzun, Hacettepe University, Turkey<br \/>\nHans-Peter Steinbacher, Fh Kufstein Tirol, University Of Applied Sciences, \u00d6sterreich<br \/>\nHerman Van Der Merwe, North-West University, South Africa<br \/>\nHuseyin Bicen, Near East University, Cyprus<br \/>\nJuan Manuel Santos-Gago, University of Vigo, Spain<br \/>\nJun-Ming Su, National University of Tainan, Taiwan<br \/>\nKarina Rosas Paredes, Universidad Cat\u00f3lica De Santa Mar\u00eda, Peru<br \/>\nKuo-Liang Ou, National Tsing Hua University, Taiwan<br \/>\nLam-for Kwok, HKCT Institute of Higher Education, Hong Kong<br \/>\nLouise Mifsud, Oslo Metropolitan University, Oslo, Norway, Norway<br \/>\nLuis Anido-rifon, University Of Vigo, Spain<br \/>\nLuqman Bin Satiman, University Of Malaysia, Sarawak (umas), Malaysia<br \/>\nMaiga Chang, Athabasca University, Canada<br \/>\nManuel Caeiro, University Of Vigo, Spain<br \/>\nMarguerite Koole, University of Saskatchewan, Canada<br \/>\nMaria Uther, Birmingham City University, United Kingdom<br \/>\nMaria Angela Pellegrino, University Of Salerno (UNISA), Italy<br \/>\nMarina Rui, University Of Genova, Italy<br \/>\nMudasser Wyne, National University, United States<br \/>\nNafan Tarihoran, The State Islamic University Of Sultan Maulana Has, Indonesia<br \/>\nNicola Doering, Ilmenau University Of Technology, Germany<br \/>\nNikolina Stani\u0107 Loknar, University Of Zagreb, Croatia<br \/>\nNiroj Dahal, Kathmandu University School of Education, Nepal<br \/>\nNorhazren Izatie Mohd, Universiti Teknologi Malaysia , Malaysia<br \/>\nPetra Poulova, University Of Hradec Kralove, Czech Republic<br \/>\nRaffaella Guida, University Of Surrey, United Kingdom<br \/>\nSergio Ilarri, University Of Zaragoza, Spain<br \/>\nSharaf Al-zoubi, Amman Arab University, Jordan<br \/>\nShenguan Yu, Beijing Normal University, China<br \/>\nSuhaib Obeidat, Shenandoah University, United States<br \/>\nTamara Powell, Kennesaw State University, USA<br \/>\nTzung-shi Chen, National University of Tainan, Taiwan<br \/>\nYanmin Zhu, Shanghai Jiao Tong University, China<br \/>\nYannis P. Psaromiligkos, Technological Education Institute Of Piraeus, Greece<br \/>\nYevgeniya Daineko, International Information Technology University, Kazakhstan<br \/>\nZsolt Nagy, RESoft LLC, Hungary<\/p>\n<p>*committee members are being invited<\/p>\n","protected":false},"excerpt":{"rendered":"<p>Program Chair Inmaculada Arnedillo S\u00e1nchez, Trinity College Dublin, Ireland &nbsp; Conference Chair Pedro Isa\u00edas, Information Systems &amp; Technology Management School, The University of New South Wales, Australia &nbsp; Committee Members* Abdullah Al-Zaghameem, Tafila Technical University, Jordan Abeer Salim Jamil, Al-mansour University College, Iraq Adamantios Koumpis, University Hospital Cologne, Germany Ademiotan Laleye, Adekunle Ajasin University, Akungba-akoko, [&hellip;]<\/p>\n","protected":false},"author":1,"featured_media":0,"parent":0,"menu_order":0,"comment_status":"closed","ping_status":"closed","template":"","meta":[],"_links":{"self":[{"href":"https:\/\/www.mlearning-conf.org\/oldconferences\/2025\/wp-json\/wp\/v2\/pages\/16"}],"collection":[{"href":"https:\/\/www.mlearning-conf.org\/oldconferences\/2025\/wp-json\/wp\/v2\/pages"}],"about":[{"href":"https:\/\/www.mlearning-conf.org\/oldconferences\/2025\/wp-json\/wp\/v2\/types\/page"}],"author":[{"embeddable":true,"href":"https:\/\/www.mlearning-conf.org\/oldconferences\/2025\/wp-json\/wp\/v2\/users\/1"}],"replies":[{"embeddable":true,"href":"https:\/\/www.mlearning-conf.org\/oldconferences\/2025\/wp-json\/wp\/v2\/comments?post=16"}],"version-history":[{"count":89,"href":"https:\/\/www.mlearning-conf.org\/oldconferences\/2025\/wp-json\/wp\/v2\/pages\/16\/revisions"}],"predecessor-version":[{"id":2000,"href":"https:\/\/www.mlearning-conf.org\/oldconferences\/2025\/wp-json\/wp\/v2\/pages\/16\/revisions\/2000"}],"wp:attachment":[{"href":"https:\/\/www.mlearning-conf.org\/oldconferences\/2025\/wp-json\/wp\/v2\/media?parent=16"}],"curies":[{"name":"wp","href":"https:\/\/api.w.org\/{rel}","templated":true}]}}